{"id":2383,"date":"2020-09-27T15:07:05","date_gmt":"2020-09-27T14:07:05","guid":{"rendered":"https:\/\/the7.io\/elementor-agency\/?page_id=2383"},"modified":"2025-02-16T08:22:38","modified_gmt":"2025-02-16T08:22:38","slug":"polityka-prywatnosci","status":"publish","type":"page","link":"https:\/\/www.expertmalopolska.pl\/index.php\/polityka-prywatnosci\/","title":{"rendered":"Polityka Prywatno\u015bci"},"content":{"rendered":"\t\t<div data-elementor-type=\"wp-page\" data-elementor-id=\"2383\" class=\"elementor elementor-2383\" data-elementor-post-type=\"page\">\n\t\t\t\t\t\t<section class=\"elementor-section elementor-top-section elementor-element elementor-element-b265203 elementor-section-boxed elementor-section-height-default elementor-section-height-default\" data-id=\"b265203\" data-element_type=\"section\">\n\t\t\t\t\t\t<div class=\"elementor-container elementor-column-gap-wider\">\n\t\t\t\t\t<div class=\"elementor-column elementor-col-100 elementor-top-column elementor-element elementor-element-37443ca\" data-id=\"37443ca\" data-element_type=\"column\">\n\t\t\t<div class=\"elementor-widget-wrap elementor-element-populated\">\n\t\t\t\t\t\t<div class=\"elementor-element elementor-element-44d0c18 elementor-widget elementor-widget-text-editor\" data-id=\"44d0c18\" data-element_type=\"widget\" data-widget_type=\"text-editor.default\">\n\t\t\t\t<div class=\"elementor-widget-container\">\n\t\t\t\t\t\t\t\t\t<p data-start=\"248\" data-end=\"272\"><strong data-start=\"248\" data-end=\"272\">Polityka Prywatno\u015bci<\/strong><\/p>\n<p data-start=\"274\" data-end=\"298\"><strong data-start=\"274\" data-end=\"298\">1. Informacje og\u00f3lne<\/strong><\/p>\n<p data-start=\"300\" data-end=\"627\">Niniejsza Polityka Prywatno\u015bci okre\u015bla zasady przetwarzania danych osobowych u\u017cytkownik\u00f3w serwisu <strong data-start=\"398\" data-end=\"421\">expertmalopolska.pl<\/strong><\/p><p data-start=\"300\" data-end=\"627\">Administratorem danych jest firma <strong data-start=\"475\" data-end=\"500\">&nbsp;Mateusz Paluch<\/strong> z siedzib\u0105 w Krakowie, ul. Reduta 26C\/5, 31-421 Krak\u00f3w, NIP: 6591510108, REGON: 122717829&nbsp;<\/p>\n<p data-start=\"629\" data-end=\"660\"><strong data-start=\"629\" data-end=\"660\">2. Zakres zbieranych danych<\/strong><\/p>\n<p data-start=\"662\" data-end=\"727\">Administrator mo\u017ce zbiera\u0107 nast\u0119puj\u0105ce dane osobowe u\u017cytkownik\u00f3w:<\/p>\n<ul data-start=\"729\" data-end=\"895\">\n<li data-start=\"729\" data-end=\"746\">Imi\u0119 i nazwisko<\/li>\n<li data-start=\"747\" data-end=\"761\">Adres e-mail<\/li>\n<li data-start=\"762\" data-end=\"778\">Numer telefonu<\/li>\n<li data-start=\"779\" data-end=\"799\">Adres zamieszkania<\/li>\n<li data-start=\"800\" data-end=\"895\">Informacje o korzystaniu z Serwisu (np. adres IP, dane dotycz\u0105ce przegl\u0105darki, pliki cookies)<\/li>\n<\/ul>\n<p data-start=\"897\" data-end=\"929\"><strong data-start=\"897\" data-end=\"929\">3. Cele przetwarzania danych<\/strong><\/p>\n<p data-start=\"931\" data-end=\"996\">Dane osobowe u\u017cytkownik\u00f3w s\u0105 przetwarzane w nast\u0119puj\u0105cych celach:<\/p>\n<ul data-start=\"998\" data-end=\"1276\">\n<li data-start=\"998\" data-end=\"1085\">Udzielanie odpowiedzi na zapytania przes\u0142ane za po\u015brednictwem formularza kontaktowego<\/li>\n<li data-start=\"1086\" data-end=\"1138\">Realizacja us\u0142ug \u015bwiadczonych przez Administratora<\/li>\n<li data-start=\"1139\" data-end=\"1224\">Przesy\u0142anie informacji handlowych i marketingowych (za uprzedni\u0105 zgod\u0105 u\u017cytkownika)<\/li>\n<li data-start=\"1225\" data-end=\"1276\">Analiza ruchu na stronie w celu jej optymalizacji<\/li>\n<\/ul>\n<p data-start=\"1278\" data-end=\"1314\"><strong data-start=\"1278\" data-end=\"1314\">4. Podstawa prawna przetwarzania<\/strong><\/p>\n<p data-start=\"1316\" data-end=\"1371\">Przetwarzanie danych osobowych odbywa si\u0119 na podstawie:<\/p>\n<ul data-start=\"1373\" data-end=\"1716\">\n<li data-start=\"1373\" data-end=\"1472\">Zgody u\u017cytkownika (art. 6 ust. 1 lit. a RODO) \u2013 w przypadku przesy\u0142ania informacji marketingowych<\/li>\n<li data-start=\"1473\" data-end=\"1598\">Niezb\u0119dno\u015bci do wykonania umowy lub podj\u0119cia dzia\u0142a\u0144 na \u017c\u0105danie u\u017cytkownika przed jej zawarciem (art. 6 ust. 1 lit. b RODO)<\/li>\n<li data-start=\"1599\" data-end=\"1716\">Prawnie uzasadnionego interesu Administratora (art. 6 ust. 1 lit. f RODO) \u2013 w celach analitycznych i statystycznych<\/li>\n<\/ul>\n<p data-start=\"1718\" data-end=\"1745\"><strong data-start=\"1718\" data-end=\"1745\">5. Przekazywanie danych<\/strong><\/p>\n<p data-start=\"1747\" data-end=\"1805\">Dane osobowe mog\u0105 by\u0107 przekazywane nast\u0119puj\u0105cym odbiorcom:<\/p>\n<ul data-start=\"1807\" data-end=\"2022\">\n<li data-start=\"1807\" data-end=\"1877\">Podmiotom \u015bwiadcz\u0105cym us\u0142ugi hostingowe i IT na rzecz Administratora<\/li>\n<li data-start=\"1878\" data-end=\"1951\">Podmiotom wsp\u00f3\u0142pracuj\u0105cym z Administratorem w zakresie realizacji us\u0142ug<\/li>\n<li data-start=\"1952\" data-end=\"2022\">Organom uprawnionym do uzyskania danych na podstawie przepis\u00f3w prawa<\/li>\n<\/ul>\n<p data-start=\"2024\" data-end=\"2049\"><strong data-start=\"2024\" data-end=\"2049\">6. Prawa u\u017cytkownik\u00f3w<\/strong><\/p>\n<p data-start=\"2051\" data-end=\"2094\">U\u017cytkownikom przys\u0142uguj\u0105 nast\u0119puj\u0105ce prawa:<\/p>\n<ul data-start=\"2096\" data-end=\"2462\">\n<li data-start=\"2096\" data-end=\"2135\">Prawo dost\u0119pu do tre\u015bci swoich danych<\/li>\n<li data-start=\"2136\" data-end=\"2166\">Prawo do sprostowania danych<\/li>\n<li data-start=\"2167\" data-end=\"2225\">Prawo do usuni\u0119cia danych (&#8222;prawo do bycia zapomnianym&#8221;)<\/li>\n<li data-start=\"2226\" data-end=\"2263\">Prawo do ograniczenia przetwarzania<\/li>\n<li data-start=\"2264\" data-end=\"2294\">Prawo do przenoszenia danych<\/li>\n<li data-start=\"2295\" data-end=\"2346\">Prawo do wniesienia sprzeciwu wobec przetwarzania<\/li>\n<li data-start=\"2347\" data-end=\"2462\">Prawo do cofni\u0119cia zgody w dowolnym momencie (bez wp\u0142ywu na zgodno\u015b\u0107 z prawem przetwarzania przed jej cofni\u0119ciem)<\/li>\n<\/ul>\n<p data-start=\"2464\" data-end=\"2606\">W celu skorzystania z powy\u017cszych praw nale\u017cy skontaktowa\u0107 si\u0119 z Administratorem za po\u015brednictwem adresu e-mail: <strong data-start=\"2576\" data-end=\"2605\"><a rel=\"noopener\" data-start=\"2578\" data-end=\"2603\">biuro@expertmalopolska.pl<\/a><\/strong>.<\/p>\n<p data-start=\"2608\" data-end=\"2628\"><strong data-start=\"2608\" data-end=\"2628\">7. Pliki cookies<\/strong><\/p>\n<p data-start=\"2630\" data-end=\"2855\">Serwis wykorzystuje pliki cookies w celu zapewnienia jego prawid\u0142owego dzia\u0142ania oraz analizy ruchu na stronie. U\u017cytkownik mo\u017ce zarz\u0105dza\u0107 ustawieniami plik\u00f3w cookies za po\u015brednictwem ustawie\u0144 swojej przegl\u0105darki internetowej.<\/p>\n<p data-start=\"2857\" data-end=\"2891\"><strong data-start=\"2857\" data-end=\"2891\">8. Zmiany Polityki Prywatno\u015bci<\/strong><\/p>\n<p data-start=\"2893\" data-end=\"3078\">Administrator zastrzega sobie prawo do wprowadzania zmian w niniejszej Polityce Prywatno\u015bci. O wszelkich zmianach u\u017cytkownicy b\u0119d\u0105 informowani poprzez odpowiednie komunikaty w Serwisie.<\/p>\t\t\t\t\t\t\t\t<\/div>\n\t\t\t\t<\/div>\n\t\t\t\t\t<\/div>\n\t\t<\/div>\n\t\t\t\t\t<\/div>\n\t\t<\/section>\n\t\t\t\t<\/div>\n\t\t","protected":false},"excerpt":{"rendered":"<p>Polityka Prywatno\u015bci 1. Informacje og\u00f3lne Niniejsza Polityka Prywatno\u015bci okre\u015bla zasady przetwarzania danych osobowych u\u017cytkownik\u00f3w serwisu expertmalopolska.pl Administratorem danych jest firma &nbsp;Mateusz Paluch z siedzib\u0105 w Krakowie, ul. Reduta 26C\/5, 31-421 Krak\u00f3w, NIP: 6591510108, REGON: 122717829&nbsp; 2. Zakres zbieranych danych Administrator mo\u017ce zbiera\u0107 nast\u0119puj\u0105ce dane osobowe u\u017cytkownik\u00f3w: Imi\u0119 i nazwisko Adres e-mail Numer telefonu Adres zamieszkania&hellip;<\/p>\n","protected":false},"author":1,"featured_media":0,"parent":0,"menu_order":0,"comment_status":"closed","ping_status":"closed","template":"","meta":{"footnotes":""},"class_list":["post-2383","page","type-page","status-publish","hentry"],"_links":{"self":[{"href":"https:\/\/www.expertmalopolska.pl\/index.php\/wp-json\/wp\/v2\/pages\/2383","targetHints":{"allow":["GET"]}}],"collection":[{"href":"https:\/\/www.expertmalopolska.pl\/index.php\/wp-json\/wp\/v2\/pages"}],"about":[{"href":"https:\/\/www.expertmalopolska.pl\/index.php\/wp-json\/wp\/v2\/types\/page"}],"author":[{"embeddable":true,"href":"https:\/\/www.expertmalopolska.pl\/index.php\/wp-json\/wp\/v2\/users\/1"}],"replies":[{"embeddable":true,"href":"https:\/\/www.expertmalopolska.pl\/index.php\/wp-json\/wp\/v2\/comments?post=2383"}],"version-history":[{"count":5,"href":"https:\/\/www.expertmalopolska.pl\/index.php\/wp-json\/wp\/v2\/pages\/2383\/revisions"}],"predecessor-version":[{"id":2913,"href":"https:\/\/www.expertmalopolska.pl\/index.php\/wp-json\/wp\/v2\/pages\/2383\/revisions\/2913"}],"wp:attachment":[{"href":"https:\/\/www.expertmalopolska.pl\/index.php\/wp-json\/wp\/v2\/media?parent=2383"}],"curies":[{"name":"wp","href":"https:\/\/api.w.org\/{rel}","templated":true}]}}